{"id":1869,"date":"2022-07-22T10:17:05","date_gmt":"2022-07-22T16:17:05","guid":{"rendered":"https:\/\/www.kris4utah.com\/?page_id=1869"},"modified":"2022-07-22T10:48:02","modified_gmt":"2022-07-22T16:48:02","slug":"expand-my-bubble","status":"publish","type":"page","link":"https:\/\/www.kris4utah.com\/es\/expand-my-bubble\/","title":{"rendered":"Expandir mi burbuja"},"content":{"rendered":"<p><div class=\"fusion-fullwidth fullwidth-box fusion-builder-row-1 fusion-flex-container nonhundred-percent-fullwidth non-hundred-percent-height-scrolling\" style=\"--awb-border-radius-top-left:0px;--awb-border-radius-top-right:0px;--awb-border-radius-bottom-right:0px;--awb-border-radius-bottom-left:0px;\" ><div class=\"fusion-builder-row fusion-row fusion-flex-align-items-center\" style=\"max-width:1331.2px;margin-left: calc(-4% \/ 2 );margin-right: calc(-4% \/ 2 );\"><div class=\"fusion-layout-column fusion_builder_column fusion-builder-column-0 fusion_builder_column_1_4 1_4 fusion-flex-column\" style=\"--awb-bg-size:cover;--awb-width-large:25%;--awb-margin-top-large:0px;--awb-spacing-right-large:7.68%;--awb-margin-bottom-large:0px;--awb-spacing-left-large:7.68%;--awb-width-medium:100%;--awb-order-medium:0;--awb-spacing-right-medium:1.92%;--awb-spacing-left-medium:1.92%;--awb-width-small:100%;--awb-order-small:0;--awb-spacing-right-small:1.92%;--awb-spacing-left-small:1.92%;\"><div class=\"fusion-column-wrapper fusion-column-has-shadow fusion-flex-justify-content-flex-start fusion-content-layout-column\"><div class=\"fusion-image-element\" style=\"text-align:center;--awb-margin-bottom:5%;--awb-caption-title-font-family:var(--h2_typography-font-family);--awb-caption-title-font-weight:var(--h2_typography-font-weight);--awb-caption-title-font-style:var(--h2_typography-font-style);--awb-caption-title-size:var(--h2_typography-font-size);--awb-caption-title-transform:var(--h2_typography-text-transform);--awb-caption-title-line-height:var(--h2_typography-line-height);--awb-caption-title-letter-spacing:var(--h2_typography-letter-spacing);\"><span class=\"fusion-imageframe imageframe-none imageframe-1 hover-type-none\"><img decoding=\"async\" width=\"300\" height=\"300\" alt=\"#ExpandMyBubble at the top of a circle with red, blue, white, and purple overlapping bubbles of various sizes underneath.\" title=\"ExpandirMiBurbuja300px\" src=\"https:\/\/www.kris4utah.com\/wp-content\/uploads\/2022\/07\/kris4utah-012300px.png\" data-orig-src=\"https:\/\/www.kris4utah.com\/wp-content\/uploads\/2022\/07\/kris4utah-012300px.png\" class=\"lazyload img-responsive wp-image-1888\" srcset=\"data:image\/svg+xml,%3Csvg%20xmlns%3D%27http%3A%2F%2Fwww.w3.org%2F2000%2Fsvg%27%20width%3D%27300%27%20height%3D%27300%27%20viewBox%3D%270%200%20300%20300%27%3E%3Crect%20width%3D%27300%27%20height%3D%27300%27%20fill-opacity%3D%220%22%2F%3E%3C%2Fsvg%3E\" data-srcset=\"https:\/\/www.kris4utah.com\/wp-content\/uploads\/2022\/07\/kris4utah-012300px-200x200.png 200w, https:\/\/www.kris4utah.com\/wp-content\/uploads\/2022\/07\/kris4utah-012300px.png 300w\" data-sizes=\"auto\" data-orig-sizes=\"(max-width: 1024px) 100vw, (max-width: 640px) 100vw, 300px\" \/><\/span><\/div><\/div><\/div><div class=\"fusion-layout-column fusion_builder_column fusion-builder-column-1 fusion_builder_column_1_2 1_2 fusion-flex-column\" style=\"--awb-bg-size:cover;--awb-width-large:50%;--awb-margin-top-large:0px;--awb-spacing-right-large:3.84%;--awb-margin-bottom-large:0px;--awb-spacing-left-large:3.84%;--awb-width-medium:100%;--awb-order-medium:0;--awb-spacing-right-medium:1.92%;--awb-spacing-left-medium:1.92%;--awb-width-small:100%;--awb-order-small:0;--awb-spacing-right-small:1.92%;--awb-spacing-left-small:1.92%;\"><div class=\"fusion-column-wrapper fusion-column-has-shadow fusion-flex-justify-content-flex-start fusion-content-layout-column\"><div class=\"fusion-title title fusion-title-1 fusion-title-center fusion-title-text fusion-title-size-two\"><div class=\"title-sep-container title-sep-container-left\"><div class=\"title-sep sep- sep-solid\" style=\"border-color:var(--awb-color3);\"><\/div><\/div><span class=\"awb-title-spacer\"><\/span><h2 class=\"title-heading-center fusion-responsive-typography-calculated\" style=\"margin:0;--fontSize:35;line-height:var(--awb-typography1-line-height);\"><p style=\"text-align: center;\"><span style=\"font-weight: 400;\"><strong>Acepta el reto #ExpandMyBubble (#Ampl\u00edaMiBurbuja)<\/strong><br \/>\n<\/span><\/p><\/h2><span class=\"awb-title-spacer\"><\/span><div class=\"title-sep-container title-sep-container-right\"><div class=\"title-sep sep- sep-solid\" style=\"border-color:var(--awb-color3);\"><\/div><\/div><\/div><\/div><\/div><div class=\"fusion-layout-column fusion_builder_column fusion-builder-column-2 fusion_builder_column_1_4 1_4 fusion-flex-column\" style=\"--awb-bg-size:cover;--awb-width-large:25%;--awb-margin-top-large:0px;--awb-spacing-right-large:7.68%;--awb-margin-bottom-large:0px;--awb-spacing-left-large:7.68%;--awb-width-medium:100%;--awb-order-medium:0;--awb-spacing-right-medium:1.92%;--awb-spacing-left-medium:1.92%;--awb-width-small:100%;--awb-order-small:0;--awb-spacing-right-small:1.92%;--awb-spacing-left-small:1.92%;\"><div class=\"fusion-column-wrapper fusion-column-has-shadow fusion-flex-justify-content-flex-start fusion-content-layout-column\"><\/div><\/div><\/div><\/div><div class=\"fusion-fullwidth fullwidth-box fusion-builder-row-2 fusion-flex-container nonhundred-percent-fullwidth non-hundred-percent-height-scrolling\" style=\"--awb-background-position:left top;--awb-border-sizes-top:0px;--awb-border-sizes-bottom:0px;--awb-border-sizes-left:0px;--awb-border-sizes-right:0px;--awb-border-radius-top-left:0px;--awb-border-radius-top-right:0px;--awb-border-radius-bottom-right:0px;--awb-border-radius-bottom-left:0px;--awb-padding-right:0px;--awb-padding-left:0px;\" ><div class=\"fusion-builder-row fusion-row fusion-flex-align-items-flex-start\" style=\"max-width:calc( 1280px + 0px );margin-left: calc(-0px \/ 2 );margin-right: calc(-0px \/ 2 );\"><div class=\"fusion-layout-column fusion_builder_column fusion-builder-column-3 fusion_builder_column_1_1 1_1 fusion-flex-column fusion-flex-align-self-flex-start fusion-column-no-min-height\" style=\"--awb-bg-size:cover;--awb-width-large:100%;--awb-margin-top-large:0px;--awb-spacing-right-large:0px;--awb-margin-bottom-large:0px;--awb-spacing-left-large:0px;--awb-width-medium:100%;--awb-spacing-right-medium:0px;--awb-spacing-left-medium:0px;--awb-width-small:100%;--awb-spacing-right-small:0px;--awb-spacing-left-small:0px;\"><div class=\"fusion-column-wrapper fusion-flex-justify-content-flex-start fusion-content-layout-column\"><div class=\"fusion-text fusion-text-1\" style=\"--awb-text-transform:none;\"><p>Invita a un amigo, familiar, vecino u otro miembro de la comunidad a unirse en el reto #ExpandMyBubble. El reto consiste en hablar de un tema en el que tengas perspectivas diferentes con el objetivo de entendernos mejor.<span style=\"font-weight: 400;\"> El objetivo no es ganar una discusi\u00f3n o cambiar de opini\u00f3n, simplemente buscar el entendimiento. <\/span>Acuerda seguir estas pautas (m\u00e1s detalles a continuaci\u00f3n):<\/p>\n<ul>\n<li>Escuchar profundamente para comprender.<\/li>\n<li>S\u00e9 curioso, humilde y de mente abierta.<\/li>\n<li>Celebrar los valores compartidos.<\/li>\n<li>S\u00e9 respetuoso y civilizado.<\/li>\n<li>Divi\u00e9rtete conectando.<\/li>\n<\/ul>\n<p>Contin\u00faa la conversaci\u00f3n en las redes sociales compartiendo algo que hayas aprendido de la experiencia, respetando la confidencialidad y la privacidad de la persona con la que has hablado. \u00bfVolver\u00edas a realizar este reto? \u00bfPor qu\u00e9 o por qu\u00e9 no?<span style=\"font-weight: 400;\">\u00a0<\/span><\/p>\n<p>Considera la posibilidad de incluir una foto tuya y de tu interlocutor. Aseg\u00farate de a\u00f1adir la etiqueta #ExpandMyBubble a tu publicaci\u00f3n.<\/p>\n<p style=\"text-align: center;\"><span style=\"font-weight: 400;\">\u00a0<\/span><\/p>\n<\/div><\/div><\/div><\/div><\/div><div class=\"fusion-fullwidth fullwidth-box fusion-builder-row-3 fusion-flex-container nonhundred-percent-fullwidth non-hundred-percent-height-scrolling\" style=\"--awb-background-position:left top;--awb-border-sizes-top:0px;--awb-border-sizes-bottom:0px;--awb-border-sizes-left:0px;--awb-border-sizes-right:0px;--awb-border-radius-top-left:0px;--awb-border-radius-top-right:0px;--awb-border-radius-bottom-right:0px;--awb-border-radius-bottom-left:0px;--awb-padding-right:0px;--awb-padding-left:0px;\" ><div class=\"fusion-builder-row fusion-row fusion-flex-align-items-flex-start\" style=\"max-width:calc( 1280px + 0px );margin-left: calc(-0px \/ 2 );margin-right: calc(-0px \/ 2 );\"><div class=\"fusion-layout-column fusion_builder_column fusion-builder-column-4 fusion_builder_column_1_1 1_1 fusion-flex-column fusion-flex-align-self-flex-start fusion-column-no-min-height\" style=\"--awb-bg-size:cover;--awb-width-large:100%;--awb-margin-top-large:0px;--awb-spacing-right-large:0px;--awb-margin-bottom-large:0px;--awb-spacing-left-large:0px;--awb-width-medium:100%;--awb-spacing-right-medium:0px;--awb-spacing-left-medium:0px;--awb-width-small:100%;--awb-spacing-right-small:0px;--awb-spacing-left-small:0px;\"><div class=\"fusion-column-wrapper fusion-flex-justify-content-flex-start fusion-content-layout-column\"><div class=\"fusion-title title fusion-title-2 fusion-title-center fusion-title-text fusion-title-size-two\"><div class=\"title-sep-container title-sep-container-left\"><div class=\"title-sep sep- sep-solid\" style=\"border-color:var(--awb-color3);\"><\/div><\/div><span class=\"awb-title-spacer\"><\/span><h2 class=\"title-heading-center fusion-responsive-typography-calculated\" style=\"margin:0;--fontSize:35;line-height:var(--awb-typography1-line-height);\"><p style=\"text-align: center;\"><span style=\"font-weight: 400;\"><b>Consejos para #ExpandMyBubble (#Ampl\u00edaMiBurbuja)<\/b><\/span><\/p><\/h2><span class=\"awb-title-spacer\"><\/span><div class=\"title-sep-container title-sep-container-right\"><div class=\"title-sep sep- sep-solid\" style=\"border-color:var(--awb-color3);\"><\/div><\/div><\/div><div class=\"fusion-text fusion-text-2\" style=\"--awb-text-transform:none;\"><p>\u00bfTe resulta dif\u00edcil mantener conversaciones sobre temas importantes con amigos, familiares u otras personas que tienen opiniones fuertes que difieren de las tuyas? Aqu\u00ed tienes algunos consejos sobre c\u00f3mo mantener estas conversaciones y algunos recursos con m\u00e1s informaci\u00f3n.<\/p>\n<h3><b>Escuchar profundamente para comprender.\u00a0\u00a0<\/b><\/h3>\n<p>Intenta comprender a tu interlocutor. Puedes confirmar tu comprensi\u00f3n utilizando la t\u00e9cnica de escuchar activamente:<\/p>\n<ul>\n<li aria-level=\"1\">Reiterar lo que han dicho<\/li>\n<li aria-level=\"1\">Pregunta si lo has entendido bien y si te has perdido de algo<\/li>\n<\/ul>\n<h3><b>S\u00e9 curioso, humilde y de mente abierta.<\/b><\/h3>\n<p>En lugar de acercarte con la mentalidad de \"yo tengo raz\u00f3n y t\u00fa no\", deja de lado la necesidad de estar correcto durante la conversaci\u00f3n. Haz preguntas motivadas por una curiosidad respetuosa, como por ejemplo:<\/p>\n<ul>\n<li aria-level=\"1\">\u00bfQu\u00e9 experiencias te han llevado a tu creencia?<\/li>\n<li aria-level=\"1\">\u00bfQu\u00e9 valores se apoyan en tu postura?<\/li>\n<li aria-level=\"1\">\u00bfPor qu\u00e9 es importante para ti tu punto de vista?<\/li>\n<\/ul>\n<h3><b>Celebrar los valores compartidos.<\/b><\/h3>\n<p>Busque momentos y lugares de acuerdo, por peque\u00f1os que sean. Estos momentos son oportunidades estupendas para construir y conectar con tus propios valores. Encontrar puntos en com\u00fan ayuda a contrarrestar la creencia polarizadora de que somos tan diferentes unos de otros.<\/p>\n<h3><b>S\u00e9 respetuoso y civilizado.<\/b><\/h3>\n<p>Cuando se discuten temas que nos preocupan profundamente, podemos ser sensibles y tomarnos las declaraciones como algo personal. T\u00fa y tu interlocutor estan demostrando un gran valor simplemente por hablar. Ser respetuoso y civilizado con el otro, reconoce esta valent\u00eda compartida que demuestra una voluntad de cuidarnos unos a otros durante la conversaci\u00f3n.<\/p>\n<p>Habla desde tu propia verdad y perspectiva utilizando las frases \"Me siento ___ porque ____\" o \"Para m\u00ed, _____\" para compartir tus propias experiencias y sentimientos.<\/p>\n<h3><b>Divi\u00e9rtete conectando.<\/b><\/h3>\n<p>Disfruta de estas conversaciones. Tienes la oportunidad de aprender algo nuevo e interesante sobre otra persona, y tienes la oportunidad de que alguien te escuche y comprenda. Puede ser profundamente satisfactorio y enriquecedor conectar con alguien que tiene una perspectiva diferente a la tuya.<\/p>\n<p style=\"text-align: center;\"><span style=\"font-weight: 400;\">\u00a0<\/span><\/p>\n<\/div><\/div><\/div><\/div><\/div><div class=\"fusion-fullwidth fullwidth-box fusion-builder-row-4 fusion-flex-container nonhundred-percent-fullwidth non-hundred-percent-height-scrolling\" style=\"--awb-background-position:left top;--awb-border-sizes-top:0px;--awb-border-sizes-bottom:0px;--awb-border-sizes-left:0px;--awb-border-sizes-right:0px;--awb-border-radius-top-left:0px;--awb-border-radius-top-right:0px;--awb-border-radius-bottom-right:0px;--awb-border-radius-bottom-left:0px;--awb-padding-right:0px;--awb-padding-left:0px;\" ><div class=\"fusion-builder-row fusion-row fusion-flex-align-items-flex-start\" style=\"max-width:calc( 1280px + 0px );margin-left: calc(-0px \/ 2 );margin-right: calc(-0px \/ 2 );\"><div class=\"fusion-layout-column fusion_builder_column fusion-builder-column-5 fusion_builder_column_1_1 1_1 fusion-flex-column fusion-flex-align-self-flex-start fusion-column-no-min-height\" style=\"--awb-bg-size:cover;--awb-width-large:100%;--awb-margin-top-large:0px;--awb-spacing-right-large:0px;--awb-margin-bottom-large:0px;--awb-spacing-left-large:0px;--awb-width-medium:100%;--awb-spacing-right-medium:0px;--awb-spacing-left-medium:0px;--awb-width-small:100%;--awb-spacing-right-small:0px;--awb-spacing-left-small:0px;\"><div class=\"fusion-column-wrapper fusion-flex-justify-content-flex-start fusion-content-layout-column\">\n<div class=\"table-1\">\n<table width=\"100%\">\n<thead>\n<tr>\n<th align=\"left\">\n<h3><b>Barreras Comunes<\/b><\/h3>\n<\/th>\n<th align=\"left\">\n<h3>Formas de Navegar<\/h3>\n<\/th>\n<\/tr>\n<\/thead>\n<tbody>\n<tr>\n<td align=\"left\">\"No s\u00e9 c\u00f3mo empezar una conversaci\u00f3n\".<\/td>\n<td align=\"left\">Hazle saber a la persona con la que te interesa hablar que te gustar\u00eda discutir el tema con ella. Preg\u00fantale si est\u00e1 interesado en mantener una conversaci\u00f3n.<\/p>\n<p>Inv\u00edtale a reunirse contigo a una hora que les convenga a ambos, en un lugar que sea c\u00f3modo y apropiado.  S\u00e9 amable si dicen que no.  Entonces, int\u00e9ntalo de nuevo pregunt\u00e1ndole a otra persona.<\/td>\n<\/tr>\n<tr>\n<td align=\"left\">\"Nunca cambiar\u00e9 de opini\u00f3n ni la de otros, as\u00ed que \u00bfpara qu\u00e9 molestarse en hablar?\"<\/td>\n<td align=\"left\">Acuda con el objetivo de buscar la comprensi\u00f3n y aprender sobre otra perspectiva.  No intentes \"ganar\", convencer o cambiar la opini\u00f3n del otro. Est\u00e9 abierto a expandir su perspectiva.<\/td>\n<\/tr>\n<tr>\n<td align=\"left\">\"\u00bfC\u00f3mo es posible que una persona racional\/comprometida sostenga una opini\u00f3n tan descabellada?\"<\/td>\n<td align=\"left\">Pregunte amablemente a la persona c\u00f3mo ha llegado a su punto de vista, por qu\u00e9 es importante para ella o cu\u00e1l de sus valores se refleja en su postura.  Sea humilde y est\u00e9 abierto a ampliar su propia perspectiva.<\/td>\n<\/tr>\n<tr>\n<td align=\"left\">\"Estuvimos hablando y luego me disgust\u00e9 \/ enfad\u00e9 \/ frustr\u00e9\"<\/td>\n<td align=\"left\">Las discusiones pueden volverse emocionales.  Puedes preservar la relaci\u00f3n y mostrar respeto, buena voluntad y amabilidad tom\u00e1ndote un descanso.<\/p>\n<p>Intenta respirar un poco para recuperar la calma. Tambi\u00e9n est\u00e1 bien alejarse y volver a intentarlo en otro momento o acordar dejar de lado ese tema para siempre.<\/td>\n<\/tr>\n<\/tbody>\n<\/table>\n<\/div>\n<\/div><\/div><\/div><\/div><div class=\"fusion-fullwidth fullwidth-box fusion-builder-row-5 fusion-flex-container nonhundred-percent-fullwidth non-hundred-percent-height-scrolling\" style=\"--awb-background-position:left top;--awb-border-sizes-top:0px;--awb-border-sizes-bottom:0px;--awb-border-sizes-left:0px;--awb-border-sizes-right:0px;--awb-border-radius-top-left:0px;--awb-border-radius-top-right:0px;--awb-border-radius-bottom-right:0px;--awb-border-radius-bottom-left:0px;--awb-padding-top:25px;--awb-padding-right:0px;--awb-padding-bottom:25px;--awb-padding-left:0px;\" ><div class=\"fusion-builder-row fusion-row fusion-flex-align-items-center\" style=\"max-width:calc( 1280px + 0px );margin-left: calc(-0px \/ 2 );margin-right: calc(-0px \/ 2 );\"><div class=\"fusion-layout-column fusion_builder_column fusion-builder-column-6 fusion_builder_column_1_1 1_1 fusion-flex-column fusion-flex-align-self-center\" style=\"--awb-bg-color:var(--awb-color2);--awb-bg-color-hover:var(--awb-color2);--awb-bg-size:cover;--awb-width-large:100%;--awb-margin-top-large:0px;--awb-spacing-right-large:0px;--awb-margin-bottom-large:0px;--awb-spacing-left-large:0px;--awb-width-medium:100%;--awb-order-medium:0;--awb-spacing-right-medium:0px;--awb-spacing-left-medium:0px;--awb-width-small:100%;--awb-order-small:0;--awb-spacing-right-small:0px;--awb-spacing-left-small:0px;\"><div class=\"fusion-column-wrapper fusion-column-has-shadow fusion-flex-justify-content-center fusion-content-layout-column\"><div class=\"fusion-text fusion-text-3 fusion-text-no-margin\" style=\"--awb-text-transform:none;--awb-margin-top:25px;--awb-margin-bottom:25px;\"><p style=\"text-align: center;\"><span style=\"font-weight: 400;\"><b>Enlaces para m\u00e1s informaci\u00f3n<\/b><\/span><\/p>\n<\/div><div class=\"fusion-text fusion-text-4 fusion-text-no-margin\" style=\"--awb-font-size:var(--awb-typography4-font-size);--awb-line-height:var(--awb-typography4-line-height);--awb-letter-spacing:var(--awb-typography4-letter-spacing);--awb-text-transform:var(--awb-typography4-text-transform);--awb-text-color:var(--awb-color8);--awb-margin-top:20px;--awb-margin-right:20px;--awb-margin-bottom:20px;--awb-margin-left:20px;--awb-text-font-family:var(--awb-typography4-font-family);--awb-text-font-weight:var(--awb-typography4-font-weight);--awb-text-font-style:var(--awb-typography4-font-style);\"><ul>\n<li><a href=\"https:\/\/braverangels.org\/how-to-talk-politics-when-you-disagree\/\">https:\/\/braverangels.org\/how-to-talk-politics-when-you-disagree\/<\/a><\/li>\n<li><a href=\"https:\/\/ideas.ted.com\/how-to-talk-about-politics-constructively\/\">https:\/\/ideas.ted.com\/how-to-talk-about-politics-constructively\/<\/a><\/li>\n<li><a href=\"https:\/\/thriveworks.com\/blog\/how-to-talk-politics-people-disagree\/\">https:\/\/thriveworks.com\/blog\/how-to-talk-politics-people-disagree\/<\/a><\/li>\n<li><a href=\"https:\/\/time.com\/5937398\/how-to-talk-to-family-members-about-politics\/\">https:\/\/time.com\/5937398\/how-to-talk-to-family-members-about-politics\/<\/a><\/li>\n<\/ul>\n<\/div><\/div><\/div><\/div><\/div><\/p>","protected":false},"excerpt":{"rendered":"","protected":false},"author":1,"featured_media":0,"parent":0,"menu_order":0,"comment_status":"closed","ping_status":"closed","template":"","meta":{"_monsterinsights_skip_tracking":false,"_monsterinsights_sitenote_active":false,"_monsterinsights_sitenote_note":"","_monsterinsights_sitenote_category":0,"footnotes":"","_links_to":"","_links_to_target":""},"class_list":["post-1869","page","type-page","status-publish","hentry"],"_links":{"self":[{"href":"https:\/\/www.kris4utah.com\/es\/wp-json\/wp\/v2\/pages\/1869","targetHints":{"allow":["GET"]}}],"collection":[{"href":"https:\/\/www.kris4utah.com\/es\/wp-json\/wp\/v2\/pages"}],"about":[{"href":"https:\/\/www.kris4utah.com\/es\/wp-json\/wp\/v2\/types\/page"}],"author":[{"embeddable":true,"href":"https:\/\/www.kris4utah.com\/es\/wp-json\/wp\/v2\/users\/1"}],"replies":[{"embeddable":true,"href":"https:\/\/www.kris4utah.com\/es\/wp-json\/wp\/v2\/comments?post=1869"}],"version-history":[{"count":16,"href":"https:\/\/www.kris4utah.com\/es\/wp-json\/wp\/v2\/pages\/1869\/revisions"}],"predecessor-version":[{"id":1892,"href":"https:\/\/www.kris4utah.com\/es\/wp-json\/wp\/v2\/pages\/1869\/revisions\/1892"}],"wp:attachment":[{"href":"https:\/\/www.kris4utah.com\/es\/wp-json\/wp\/v2\/media?parent=1869"}],"curies":[{"name":"wp","href":"https:\/\/api.w.org\/{rel}","templated":true}]}}