{"id":1571,"date":"2022-03-16T22:22:52","date_gmt":"2022-03-16T22:22:52","guid":{"rendered":"https:\/\/www.kris4utah.com\/?page_id=1571"},"modified":"2026-01-26T18:11:26","modified_gmt":"2026-01-27T01:11:26","slug":"my-platform","status":"publish","type":"page","link":"https:\/\/www.kris4utah.com\/es\/my-platform\/","title":{"rendered":"Mi plataforma"},"content":{"rendered":"<p><div class=\"fusion-fullwidth fullwidth-box fusion-builder-row-1 fusion-flex-container nonhundred-percent-fullwidth non-hundred-percent-height-scrolling\" style=\"--awb-background-position:left top;--awb-border-sizes-top:0px;--awb-border-sizes-bottom:0px;--awb-border-sizes-left:0px;--awb-border-sizes-right:0px;--awb-border-radius-top-left:0px;--awb-border-radius-top-right:0px;--awb-border-radius-bottom-right:0px;--awb-border-radius-bottom-left:0px;--awb-padding-right:0px;--awb-padding-left:0px;--awb-margin-bottom:5%;\" ><div class=\"fusion-builder-row fusion-row fusion-flex-align-items-flex-start\" style=\"max-width:calc( 1280px + 0px );margin-left: calc(-0px \/ 2 );margin-right: calc(-0px \/ 2 );\"><div class=\"fusion-layout-column fusion_builder_column fusion-builder-column-0 fusion_builder_column_1_6 1_6 fusion-flex-column\" style=\"--awb-bg-size:cover;--awb-width-large:16.666666666667%;--awb-margin-top-large:0px;--awb-spacing-right-large:0px;--awb-margin-bottom-large:0px;--awb-spacing-left-large:0px;--awb-width-medium:100%;--awb-order-medium:0;--awb-spacing-right-medium:0px;--awb-spacing-left-medium:0px;--awb-width-small:100%;--awb-order-small:0;--awb-spacing-right-small:0px;--awb-spacing-left-small:0px;\"><div class=\"fusion-column-wrapper fusion-column-has-shadow fusion-flex-justify-content-flex-start fusion-content-layout-column\"><\/div><\/div><div class=\"fusion-layout-column fusion_builder_column fusion-builder-column-1 fusion_builder_column_2_3 2_3 fusion-flex-column\" style=\"--awb-bg-size:cover;--awb-width-large:66.666666666667%;--awb-margin-top-large:0px;--awb-spacing-right-large:0px;--awb-margin-bottom-large:0px;--awb-spacing-left-large:0px;--awb-width-medium:100%;--awb-order-medium:0;--awb-spacing-right-medium:0px;--awb-spacing-left-medium:0px;--awb-width-small:100%;--awb-order-small:0;--awb-spacing-right-small:0px;--awb-spacing-left-small:0px;\"><div class=\"fusion-column-wrapper fusion-column-has-shadow fusion-flex-justify-content-flex-start fusion-content-layout-column\"><div class=\"accordian fusion-accordian\" style=\"--awb-border-size:1px;--awb-icon-size:13px;--awb-content-font-size:20px;--awb-icon-alignment:left;--awb-hover-color:var(--awb-color3);--awb-border-color:hsla(var(--awb-color8-h),var(--awb-color8-s),calc( var(--awb-color8-l) + 67% ),var(--awb-color8-a));--awb-background-color:var(--awb-color2);--awb-divider-color:var(--awb-color3);--awb-divider-hover-color:var(--awb-color3);--awb-icon-color:var(--awb-color1);--awb-title-color:var(--awb-color6);--awb-content-color:var(--awb-color5);--awb-icon-box-color:var(--awb-color6);--awb-toggle-hover-accent-color:var(--awb-custom_color_1);--awb-title-font-family:&quot;Montserrat&quot;;--awb-title-font-weight:500;--awb-title-font-style:normal;--awb-title-font-size:32px;--awb-content-font-family:&quot;Roboto&quot;;--awb-content-font-style:normal;--awb-content-font-weight:400;\"><div class=\"panel-group fusion-toggle-icon-boxed\" id=\"accordion-1571-1\"><div class=\"fusion-panel panel-default panel-1449264e83257e49c fusion-toggle-no-divider fusion-toggle-boxed-mode\" style=\"--awb-title-line-height:1;\"><div class=\"panel-heading\"><h4 class=\"panel-title toggle\" id=\"toggle_1449264e83257e49c\"><a aria-expanded=\"false\" aria-controls=\"1449264e83257e49c\" role=\"button\" data-toggle=\"collapse\" data-target=\"#1449264e83257e49c\" href=\"#1449264e83257e49c\"><span class=\"fusion-toggle-icon-wrapper\" aria-hidden=\"true\"><i class=\"fa-fusion-box active-icon awb-icon-minus\" aria-hidden=\"true\"><\/i><i class=\"fa-fusion-box inactive-icon awb-icon-plus\" aria-hidden=\"true\"><\/i><\/span><span class=\"fusion-toggle-heading\">Fair Representation - Address Gerrymandering, SB54, and Term Limits<\/span><\/a><\/h4><\/div><div id=\"1449264e83257e49c\" class=\"panel-collapse collapse\" aria-labelledby=\"toggle_1449264e83257e49c\"><div class=\"panel-body toggle-content fusion-clearfix\">\n<p>In 2018, a majority of voters voted for Prop 4 to create fair map guidelines and an independent redistricting commission. &nbsp;Our legislature needs to respect the will of the people and select or draw maps that conform to Prop 4 guidelines.<\/p>\n<p>One person, one vote is a key principle of our representative democracy. &nbsp;Due to precinct size variability in the current caucus system, some people&#8217;s votes count as much as 10 times other&#8217;s votes.<\/p>\n<p>As a state legislator, I will work to:<\/p>\n<ul>\n<li><strong>Choose fair district maps<\/strong> drawn by an independent districting commission in accordance with the principles and guidelines outlined in Proposition 4.<\/li>\n<li><strong>Improve the caucus and convention system.<\/strong>\n<ul>\n<li>Delegates allocated according to one person, one vote.<\/li>\n<li>Nonpartisan caucus before the caucus so that neighbors, candidates, and delegates understand the needs of each precinct as a whole.<\/li>\n<li>Convention chooses the party nominee.<\/li>\n<li>Single open nonpartisan primary with Ranked Choice or Ranked Pairs voting.<\/li>\n<li>Signature gathering with reasonable number of signatures, so that no paid gathering is needed to enter the primary if not nominated.<\/li>\n<\/ul>\n<\/li>\n<li><strong>Implement Term Limits&nbsp;<\/strong>of 3 terms in the House and 2 terms in the Senate. I pledge to respect them personally even if they don&#8217;t become law.<\/li>\n<li><strong>Implement Recall Elections<\/strong> with a reasonable threshold of signatures and fair process for time to gather them.<\/li>\n<\/ul>\n<\/div><\/div><\/div><div class=\"fusion-panel panel-default panel-41644fe048c46a2ca fusion-toggle-no-divider fusion-toggle-boxed-mode\" style=\"--awb-title-line-height:1;\"><div class=\"panel-heading\"><h4 class=\"panel-title toggle\" id=\"toggle_41644fe048c46a2ca\"><a aria-expanded=\"false\" aria-controls=\"41644fe048c46a2ca\" role=\"button\" data-toggle=\"collapse\" data-target=\"#41644fe048c46a2ca\" href=\"#41644fe048c46a2ca\"><span class=\"fusion-toggle-icon-wrapper\" aria-hidden=\"true\"><i class=\"fa-fusion-box active-icon awb-icon-minus\" aria-hidden=\"true\"><\/i><i class=\"fa-fusion-box inactive-icon awb-icon-plus\" aria-hidden=\"true\"><\/i><\/span><span class=\"fusion-toggle-heading\">Fair Processes - Legislate with Moderation<\/span><\/a><\/h4><\/div><div id=\"41644fe048c46a2ca\" class=\"panel-collapse collapse\" aria-labelledby=\"toggle_41644fe048c46a2ca\"><div class=\"panel-body toggle-content fusion-clearfix\">\n<p>Aumentar\u00e9 la confianza en un proceso legislativo abierto y efectivo al:<\/p>\n<ul>\n<li aria-level=\"1\"><strong>Usar el poder legislativo con moderaci\u00f3n.<\/strong><\/li>\n<li aria-level=\"1\"><strong>Fewer bills each session, higher quality<\/strong><\/li>\n<li aria-level=\"1\"><strong>Providing bill content early<\/strong>, giving plenty of time for people to read, understand, and comment on bills.<\/li>\n<li aria-level=\"1\"><strong>Holding town halls and dialogues<\/strong> where I listen more than I speak.<\/li>\n<li aria-level=\"1\"><strong>Respecting and upholding the separation of powers<\/strong> entre los poderes popular, judicial, ejecutivo y legislativo.<\/li>\n<li aria-level=\"1\"><strong>Colaborando con la gente<\/strong>, tanto en la mayor\u00eda como en la minor\u00eda, para encontrar soluciones justas que satisfagan las necesidades del mayor n\u00famero de personas posible.<\/li>\n<li aria-level=\"1\"><strong>Seguir procesos abiertos y transparentes<\/strong> como el enfoque de la comisi\u00f3n independiente de redistribuci\u00f3n de distritos para encontrar pol\u00edticas justas que equilibren las prioridades en conflicto.<\/li>\n<li aria-level=\"1\"><strong>Proporcionar transparencia en todas las decisiones.<\/strong>.&nbsp; If a decision cannot stand up to public scrutiny in the light of day, it\u2019s a sure sign that it\u2019s not a good decision.<\/li>\n<\/ul>\n<\/div><\/div><\/div><div class=\"fusion-panel panel-default panel-7c2ed35ca825074f6 fusion-toggle-no-divider fusion-toggle-boxed-mode\"><div class=\"panel-heading\"><h4 class=\"panel-title toggle\" id=\"toggle_7c2ed35ca825074f6\"><a aria-expanded=\"false\" aria-controls=\"7c2ed35ca825074f6\" role=\"button\" data-toggle=\"collapse\" data-target=\"#7c2ed35ca825074f6\" href=\"#7c2ed35ca825074f6\"><span class=\"fusion-toggle-icon-wrapper\" aria-hidden=\"true\"><i class=\"fa-fusion-box active-icon awb-icon-minus\" aria-hidden=\"true\"><\/i><i class=\"fa-fusion-box inactive-icon awb-icon-plus\" aria-hidden=\"true\"><\/i><\/span><span class=\"fusion-toggle-heading\">Fair Taxes<\/span><\/a><\/h4><\/div><div id=\"7c2ed35ca825074f6\" class=\"panel-collapse collapse\" aria-labelledby=\"toggle_7c2ed35ca825074f6\"><div class=\"panel-body toggle-content fusion-clearfix\">\n<p>Our community is strongest when when we pool our funds to protect our common resources and provide services for the common good.&nbsp; I will work toward fair taxes by:<\/p>\n<ul>\n<li><strong>Ensuring individuals and companies all contribute fairly <\/strong>since we all benefit from public infrastructure and other common goods.<\/li>\n<li><strong>Ensure property taxes are based on realized value, not projected value <\/strong>and are only charged when property is transferred or improved.<\/li>\n<li><strong>Eliminate the grocery tax and state tax on social security income.<\/strong><\/li>\n<li><strong>Wisely and transparently spend taxpayer funds.<\/strong><\/li>\n<\/ul>\n<\/div><\/div><\/div><div class=\"fusion-panel panel-default panel-dd73ae2df1e9e0f27 fusion-toggle-no-divider fusion-toggle-boxed-mode\"><div class=\"panel-heading\"><h4 class=\"panel-title toggle\" id=\"toggle_dd73ae2df1e9e0f27\"><a aria-expanded=\"false\" aria-controls=\"dd73ae2df1e9e0f27\" role=\"button\" data-toggle=\"collapse\" data-target=\"#dd73ae2df1e9e0f27\" href=\"#dd73ae2df1e9e0f27\"><span class=\"fusion-toggle-icon-wrapper\" aria-hidden=\"true\"><i class=\"fa-fusion-box active-icon awb-icon-minus\" aria-hidden=\"true\"><\/i><i class=\"fa-fusion-box inactive-icon awb-icon-plus\" aria-hidden=\"true\"><\/i><\/span><span class=\"fusion-toggle-heading\">People First<\/span><\/a><\/h4><\/div><div id=\"dd73ae2df1e9e0f27\" class=\"panel-collapse collapse\" aria-labelledby=\"toggle_dd73ae2df1e9e0f27\"><div class=\"panel-body toggle-content fusion-clearfix\">\n<p style=\"text-align: left;\">Serving the public comes first, ahead of party hierarchies and special interests.<\/p>\n<p style=\"text-align: left;\">As a state legislator, I will:<\/p>\n<ul>\n<li><strong>Defend your individual freedoms<\/strong>.<\/li>\n<li style=\"text-align: left;\"><strong>Protect your constitutional rights.<\/strong>&nbsp;<\/li>\n<li style=\"text-align: left;\" aria-level=\"1\"><strong>Respect your privacy.<\/strong><\/li>\n<li aria-level=\"1\"><strong>Honor your right to legislate via initiatives and referenda <\/strong>and make the process more fair and attainable.<\/li>\n<\/ul>\n<\/div><\/div><\/div><div class=\"fusion-panel panel-default panel-3a3d5ed091fafead3 fusion-toggle-no-divider fusion-toggle-boxed-mode\"><div class=\"panel-heading\"><h4 class=\"panel-title toggle\" id=\"toggle_3a3d5ed091fafead3\"><a aria-expanded=\"false\" aria-controls=\"3a3d5ed091fafead3\" role=\"button\" data-toggle=\"collapse\" data-target=\"#3a3d5ed091fafead3\" href=\"#3a3d5ed091fafead3\"><span class=\"fusion-toggle-icon-wrapper\" aria-hidden=\"true\"><i class=\"fa-fusion-box active-icon awb-icon-minus\" aria-hidden=\"true\"><\/i><i class=\"fa-fusion-box inactive-icon awb-icon-plus\" aria-hidden=\"true\"><\/i><\/span><span class=\"fusion-toggle-heading\">Constitutional Integrity<\/span><\/a><\/h4><\/div><div id=\"3a3d5ed091fafead3\" class=\"panel-collapse collapse\" aria-labelledby=\"toggle_3a3d5ed091fafead3\"><div class=\"panel-body toggle-content fusion-clearfix\">\n<p>I pledge to:<\/p>\n<ul>\n<li><strong>Uphold the Utah and US Constitutions<\/strong>.<\/li>\n<li><strong>Bring back constitutional notes on bills prior to passing legislation <\/strong>so that taxpayer money and time is not wasted defending laws known to be unconstitutional.<\/li>\n<li><strong>Honor the separation of powers<\/strong> respecting the people, and the legislative, judiciary,&nbsp; and executive branches.<\/li>\n<li><strong>Submit to the rule of law<\/strong> and respect our legal processes, abiding by the outcomes even when unfavorable.<\/li>\n<li><strong>Recognize that just because something is legal doesn&#8217;t make it right<\/strong>, and eliminate laws that make exploitative or improper actions legal.<\/li>\n<\/ul>\n<\/div><\/div><\/div><div class=\"fusion-panel panel-default panel-5f1bd1a8062a278d1 fusion-toggle-no-divider fusion-toggle-boxed-mode\"><div class=\"panel-heading\"><h4 class=\"panel-title toggle\" id=\"toggle_5f1bd1a8062a278d1\"><a aria-expanded=\"false\" aria-controls=\"5f1bd1a8062a278d1\" role=\"button\" data-toggle=\"collapse\" data-target=\"#5f1bd1a8062a278d1\" href=\"#5f1bd1a8062a278d1\"><span class=\"fusion-toggle-icon-wrapper\" aria-hidden=\"true\"><i class=\"fa-fusion-box active-icon awb-icon-minus\" aria-hidden=\"true\"><\/i><i class=\"fa-fusion-box inactive-icon awb-icon-plus\" aria-hidden=\"true\"><\/i><\/span><span class=\"fusion-toggle-heading\">Community-Centric Stewardship<\/span><\/a><\/h4><\/div><div id=\"5f1bd1a8062a278d1\" class=\"panel-collapse collapse\" aria-labelledby=\"toggle_5f1bd1a8062a278d1\"><div class=\"panel-body toggle-content fusion-clearfix\">Empower local decision making and encourage civic participation so that we can responsibly manage our shared natural resources together.<\/div><\/div><\/div><div class=\"fusion-panel panel-default panel-b7d800f56743068ae fusion-toggle-no-divider fusion-toggle-boxed-mode\"><div class=\"panel-heading\"><h4 class=\"panel-title toggle\" id=\"toggle_b7d800f56743068ae\"><a aria-expanded=\"false\" aria-controls=\"b7d800f56743068ae\" role=\"button\" data-toggle=\"collapse\" data-target=\"#b7d800f56743068ae\" href=\"#b7d800f56743068ae\"><span class=\"fusion-toggle-icon-wrapper\" aria-hidden=\"true\"><i class=\"fa-fusion-box active-icon awb-icon-minus\" aria-hidden=\"true\"><\/i><i class=\"fa-fusion-box inactive-icon awb-icon-plus\" aria-hidden=\"true\"><\/i><\/span><span class=\"fusion-toggle-heading\">Administrar nuestros recursos h\u00eddricos<\/span><\/a><\/h4><\/div><div id=\"b7d800f56743068ae\" class=\"panel-collapse collapse\" aria-labelledby=\"toggle_b7d800f56743068ae\"><div class=\"panel-body toggle-content fusion-clearfix\">Para asegurarnos de seguir teniendo suficiente agua para satisfacer nuestras necesidades ahora y las necesidades de nuestros hijos y nietos en el futuro, tenemos la responsabilidad de ser administradores sabios de nuestra agua. Ayudar\u00e9 a gestionar nuestros recursos h\u00eddricos tanto para las necesidades inmediatas como para la sostenibilidad a largo plazo al:<\/p>\n<ul>\n<li><strong>Continuando el impulso<\/strong> from the legislature&#8217;s initial great efforts to address the Great Salt Lake and other water needs.<\/li>\n<li><strong>Colaborando localmente<\/strong>, utilizando la gu\u00eda y las mejores pr\u00e1cticas del estado y otras partes de Utah.<\/li>\n<li aria-level=\"1\"><strong>Proporcionar apoyo a la transici\u00f3n<\/strong> a cultivos que funcionan bien en temporadas de crecimiento cortas con menos uso de agua.<\/li>\n<li aria-level=\"1\"><strong>Alentando a los agricultores<\/strong> utilizar t\u00e9cnicas que conserven el agua y mejoren la calidad del suelo.<\/li>\n<\/ul>\n<\/div><\/div><\/div><div class=\"fusion-panel panel-default panel-0c9e275697121ce6c fusion-toggle-no-divider fusion-toggle-boxed-mode\"><div class=\"panel-heading\"><h4 class=\"panel-title toggle\" id=\"toggle_0c9e275697121ce6c\"><a aria-expanded=\"false\" aria-controls=\"0c9e275697121ce6c\" role=\"button\" data-toggle=\"collapse\" data-target=\"#0c9e275697121ce6c\" href=\"#0c9e275697121ce6c\"><span class=\"fusion-toggle-icon-wrapper\" aria-hidden=\"true\"><i class=\"fa-fusion-box active-icon awb-icon-minus\" aria-hidden=\"true\"><\/i><i class=\"fa-fusion-box inactive-icon awb-icon-plus\" aria-hidden=\"true\"><\/i><\/span><span class=\"fusion-toggle-heading\">Gestionar el crecimiento de forma responsable<\/span><\/a><\/h4><\/div><div id=\"0c9e275697121ce6c\" class=\"panel-collapse collapse\" aria-labelledby=\"toggle_0c9e275697121ce6c\"><div class=\"panel-body toggle-content fusion-clearfix\">\n<p style=\"text-align: left;\">Let&#8217;s build a collaborative model for responsible growth where developers work with communities to understand and meet your community&#8217;s vision, goals, and needs.&nbsp; I will encourage responsible growth by:<\/p>\n<ul>\n<li aria-level=\"1\"><strong>Finding balance&nbsp;<\/strong>between preserving the character of local communities and changing to accommodate growth and responsible development.&nbsp;<\/li>\n<li aria-level=\"1\"><strong>Fomentar la colaboraci\u00f3n<\/strong> entre miembros de la comunidad, empleadores, funcionarios gubernamentales y desarrolladores.<\/li>\n<li><strong>Brindar a las comunidades la flexibilidad para planificar de manera efectiva<\/strong> y coordinar los esfuerzos de desarrollo a nivel local.<\/li>\n<li aria-level=\"1\"><strong>Limitaci\u00f3n de la duraci\u00f3n de los derechos<\/strong> para que, a medida que las necesidades y los planes de las comunidades evolucionen debido a las circunstancias cambiantes, los derechos puedan evolucionar o revertirse seg\u00fan corresponda.<\/li>\n<li aria-level=\"1\"><strong>Equilibrar los costos, los riesgos y las recompensas del desarrollo de manera justa<\/strong> entre las partes interesadas para que los residentes actuales no sufran una carga injusta, las ciudades y los condados tengan los recursos que necesitan para proporcionar infraestructura y servicios para satisfacer la nueva demanda, y los desarrolladores puedan obtener una ganancia justa por sus esfuerzos mientras pagan una parte justa de los costos y riesgos .<\/li>\n<\/ul>\n<\/div><\/div><\/div><\/div><\/div><\/div><\/div><div class=\"fusion-layout-column fusion_builder_column fusion-builder-column-2 fusion_builder_column_1_6 1_6 fusion-flex-column\" style=\"--awb-bg-size:cover;--awb-width-large:16.666666666667%;--awb-margin-top-large:0px;--awb-spacing-right-large:0px;--awb-margin-bottom-large:0px;--awb-spacing-left-large:0px;--awb-width-medium:100%;--awb-order-medium:0;--awb-spacing-right-medium:0px;--awb-spacing-left-medium:0px;--awb-width-small:100%;--awb-order-small:0;--awb-spacing-right-small:0px;--awb-spacing-left-small:0px;\"><div class=\"fusion-column-wrapper fusion-column-has-shadow fusion-flex-justify-content-flex-start fusion-content-layout-column\"><\/div><\/div><\/div><\/div><div class=\"fusion-fullwidth fullwidth-box fusion-builder-row-2 fusion-flex-container nonhundred-percent-fullwidth non-hundred-percent-height-scrolling\" style=\"--awb-border-radius-top-left:0px;--awb-border-radius-top-right:0px;--awb-border-radius-bottom-right:0px;--awb-border-radius-bottom-left:0px;\" ><div class=\"fusion-builder-row fusion-row fusion-flex-align-items-flex-start\" style=\"max-width:1331.2px;margin-left: calc(-4% \/ 2 );margin-right: calc(-4% \/ 2 );\"><div class=\"fusion-layout-column fusion_builder_column fusion-builder-column-3 fusion_builder_column_1_6 1_6 fusion-flex-column\" style=\"--awb-bg-size:cover;--awb-width-large:16.666666666667%;--awb-margin-top-large:0px;--awb-spacing-right-large:11.52%;--awb-margin-bottom-large:0px;--awb-spacing-left-large:11.52%;--awb-width-medium:100%;--awb-order-medium:0;--awb-spacing-right-medium:1.92%;--awb-spacing-left-medium:1.92%;--awb-width-small:100%;--awb-order-small:0;--awb-spacing-right-small:1.92%;--awb-spacing-left-small:1.92%;\"><div class=\"fusion-column-wrapper fusion-column-has-shadow fusion-flex-justify-content-flex-start fusion-content-layout-column\"><\/div><\/div><div class=\"fusion-layout-column fusion_builder_column fusion-builder-column-4 fusion_builder_column_2_3 2_3 fusion-flex-column\" style=\"--awb-bg-size:cover;--awb-width-large:66.666666666667%;--awb-margin-top-large:0px;--awb-spacing-right-large:2.88%;--awb-margin-bottom-large:0px;--awb-spacing-left-large:2.88%;--awb-width-medium:100%;--awb-order-medium:0;--awb-spacing-right-medium:1.92%;--awb-spacing-left-medium:1.92%;--awb-width-small:100%;--awb-order-small:0;--awb-spacing-right-small:1.92%;--awb-spacing-left-small:1.92%;\"><div class=\"fusion-column-wrapper fusion-column-has-shadow fusion-flex-justify-content-flex-start fusion-content-layout-column\"><\/div><\/div><div class=\"fusion-layout-column fusion_builder_column fusion-builder-column-5 fusion_builder_column_1_6 1_6 fusion-flex-column\" style=\"--awb-bg-size:cover;--awb-width-large:16.666666666667%;--awb-margin-top-large:0px;--awb-spacing-right-large:11.52%;--awb-margin-bottom-large:0px;--awb-spacing-left-large:11.52%;--awb-width-medium:100%;--awb-order-medium:0;--awb-spacing-right-medium:1.92%;--awb-spacing-left-medium:1.92%;--awb-width-small:100%;--awb-order-small:0;--awb-spacing-right-small:1.92%;--awb-spacing-left-small:1.92%;\"><div class=\"fusion-column-wrapper fusion-column-has-shadow fusion-flex-justify-content-flex-start fusion-content-layout-column\"><\/div><\/div><\/div><\/div><\/p>","protected":false},"excerpt":{"rendered":"","protected":false},"author":1,"featured_media":0,"parent":0,"menu_order":0,"comment_status":"closed","ping_status":"closed","template":"","meta":{"_monsterinsights_skip_tracking":false,"_monsterinsights_sitenote_active":false,"_monsterinsights_sitenote_note":"","_monsterinsights_sitenote_category":0,"footnotes":"","_links_to":"","_links_to_target":""},"class_list":["post-1571","page","type-page","status-publish","hentry"],"_links":{"self":[{"href":"https:\/\/www.kris4utah.com\/es\/wp-json\/wp\/v2\/pages\/1571","targetHints":{"allow":["GET"]}}],"collection":[{"href":"https:\/\/www.kris4utah.com\/es\/wp-json\/wp\/v2\/pages"}],"about":[{"href":"https:\/\/www.kris4utah.com\/es\/wp-json\/wp\/v2\/types\/page"}],"author":[{"embeddable":true,"href":"https:\/\/www.kris4utah.com\/es\/wp-json\/wp\/v2\/users\/1"}],"replies":[{"embeddable":true,"href":"https:\/\/www.kris4utah.com\/es\/wp-json\/wp\/v2\/comments?post=1571"}],"version-history":[{"count":18,"href":"https:\/\/www.kris4utah.com\/es\/wp-json\/wp\/v2\/pages\/1571\/revisions"}],"predecessor-version":[{"id":2265,"href":"https:\/\/www.kris4utah.com\/es\/wp-json\/wp\/v2\/pages\/1571\/revisions\/2265"}],"wp:attachment":[{"href":"https:\/\/www.kris4utah.com\/es\/wp-json\/wp\/v2\/media?parent=1571"}],"curies":[{"name":"wp","href":"https:\/\/api.w.org\/{rel}","templated":true}]}}